{"id":9,"date":"2026-03-16T16:21:33","date_gmt":"2026-03-16T16:21:33","guid":{"rendered":"https:\/\/tuumastatoimeksi.fi\/?page_id=9"},"modified":"2026-04-23T16:48:31","modified_gmt":"2026-04-23T16:48:31","slug":"etusivu","status":"publish","type":"page","link":"https:\/\/tuumastatoimeksi.fi\/","title":{"rendered":"Digiapu ja kodin pienty\u00f6t kerralla kuntoon"},"content":{"rendered":"\n<p><strong>Tuumasta toimeksi<\/strong> tarjoaa paikallista ja luotettavaa apua digiasioihin sek\u00e4 kodin ja pihan pient\u00f6ihin. Autan silloin, kun oma apu puuttuu tai tekij\u00e4\u00e4 on vaikea l\u00f6yt\u00e4\u00e4.<\/p>\n\n\n\n<p>Palvelu on tarkoitettu arjen avuksi. Pienetkin ty\u00f6t ovat t\u00e4rkeit\u00e4, kun ne helpottavat kotona p\u00e4rj\u00e4\u00e4mist\u00e4. \u00c4l\u00e4 ep\u00e4r\u00f6i kysy\u00e4, kun tarvitset tekij\u00e4\u00e4.<\/p>\n\n\n\n<p>Yrityksen toimialueena on Pirkanmaa. <\/p>\n","protected":false},"excerpt":{"rendered":"<p>Tuumasta toimeksi tarjoaa paikallista ja luotettavaa apua digiasioihin sek\u00e4 kodin ja pihan pient\u00f6ihin. Autan silloin, kun oma apu puuttuu tai tekij\u00e4\u00e4 on vaikea l\u00f6yt\u00e4\u00e4. Palvelu on tarkoitettu arjen avuksi. Pienetkin ty\u00f6t ovat t\u00e4rkeit\u00e4, kun ne helpottavat kotona p\u00e4rj\u00e4\u00e4mist\u00e4. \u00c4l\u00e4 ep\u00e4r\u00f6i kysy\u00e4, kun tarvitset tekij\u00e4\u00e4. Yrityksen toimialueena on Pirkanmaa.<\/p>\n","protected":false},"author":1,"featured_media":0,"parent":0,"menu_order":0,"comment_status":"closed","ping_status":"closed","template":"","meta":{"footnotes":""},"class_list":["post-9","page","type-page","status-publish","hentry"],"_links":{"self":[{"href":"https:\/\/tuumastatoimeksi.fi\/index.php\/wp-json\/wp\/v2\/pages\/9","targetHints":{"allow":["GET"]}}],"collection":[{"href":"https:\/\/tuumastatoimeksi.fi\/index.php\/wp-json\/wp\/v2\/pages"}],"about":[{"href":"https:\/\/tuumastatoimeksi.fi\/index.php\/wp-json\/wp\/v2\/types\/page"}],"author":[{"embeddable":true,"href":"https:\/\/tuumastatoimeksi.fi\/index.php\/wp-json\/wp\/v2\/users\/1"}],"replies":[{"embeddable":true,"href":"https:\/\/tuumastatoimeksi.fi\/index.php\/wp-json\/wp\/v2\/comments?post=9"}],"version-history":[{"count":7,"href":"https:\/\/tuumastatoimeksi.fi\/index.php\/wp-json\/wp\/v2\/pages\/9\/revisions"}],"predecessor-version":[{"id":155,"href":"https:\/\/tuumastatoimeksi.fi\/index.php\/wp-json\/wp\/v2\/pages\/9\/revisions\/155"}],"wp:attachment":[{"href":"https:\/\/tuumastatoimeksi.fi\/index.php\/wp-json\/wp\/v2\/media?parent=9"}],"curies":[{"name":"wp","href":"https:\/\/api.w.org\/{rel}","templated":true}]}}