{"id":132,"date":"2026-03-19T19:11:26","date_gmt":"2026-03-19T19:11:26","guid":{"rendered":"https:\/\/tuumastatoimeksi.fi\/?page_id=132"},"modified":"2026-04-23T16:32:57","modified_gmt":"2026-04-23T16:32:57","slug":"hinnat","status":"publish","type":"page","link":"https:\/\/tuumastatoimeksi.fi\/index.php\/hinnat\/","title":{"rendered":"Hinnat"},"content":{"rendered":"\n<p>Ty\u00f6 veloitetaan k\u00e4ytetyn ajan mukaan.<\/p>\n\n\n\n<p>Tuntihinta: 55 \u20ac<\/p>\n\n\n\n<p>Kotitalousv\u00e4hennyksen j\u00e4lkeen tuntihinta on 35,75 \u20ac<\/p>\n\n\n\n<p>Vuonna 2026 kotitalousv\u00e4hennys on 35 % ty\u00f6n hinnasta. Lue tarkemmin kotitalousv\u00e4hennyksest\u00e4 Verohallinnon <a href=\"https:\/\/www.vero.fi\/henkiloasiakkaat\/vahennykset\/kotitalousvahennys\/\" data-type=\"link\" data-id=\"https:\/\/www.vero.fi\/henkiloasiakkaat\/vahennykset\/kotitalousvahennys\/\" target=\"_blank\" rel=\"noopener\">verkkosivuilta<\/a>.<\/p>\n\n\n\n<p>Minimiveloitus: 1 tunti. <\/p>\n\n\n\n<p>T\u00e4m\u00e4n j\u00e4lkeen laskutus alkavalta puolelta tunnilta.<\/p>\n\n\n\n<p>Hinta sis\u00e4lt\u00e4\u00e4 normaalit ty\u00f6v\u00e4lineet. Mahdolliset tarvikkeet laskutetaan erikseen. <\/p>\n\n\n\n<p>Arki-iltaisin klo 18 j\u00e4lkeen ja viikonloppuisin tuntihintaan lis\u00e4t\u00e4\u00e4n p\u00e4ivystyslis\u00e4 25 \u20ac \/tunti.<\/p>\n\n\n\n<p>Matkakulut sis\u00e4ltyv\u00e4t 10 km s\u00e4teell\u00e4 Kangasalan Suoramalta. Muualle matkakulut 1 \u20ac \/km.<\/p>\n\n\n\n<p><\/p>\n","protected":false},"excerpt":{"rendered":"<p>Ty\u00f6 veloitetaan k\u00e4ytetyn ajan mukaan. Tuntihinta: 55 \u20ac Kotitalousv\u00e4hennyksen j\u00e4lkeen tuntihinta on 35,75 \u20ac Vuonna 2026 kotitalousv\u00e4hennys on 35 % ty\u00f6n hinnasta. Lue tarkemmin kotitalousv\u00e4hennyksest\u00e4 Verohallinnon verkkosivuilta. Minimiveloitus: 1 tunti. T\u00e4m\u00e4n j\u00e4lkeen laskutus alkavalta puolelta tunnilta. Hinta sis\u00e4lt\u00e4\u00e4 normaalit ty\u00f6v\u00e4lineet. Mahdolliset tarvikkeet laskutetaan erikseen. Arki-iltaisin klo 18 j\u00e4lkeen ja viikonloppuisin tuntihintaan lis\u00e4t\u00e4\u00e4n p\u00e4ivystyslis\u00e4 25 \u20ac &hellip; <\/p>\n<p class=\"link-more\"><a href=\"https:\/\/tuumastatoimeksi.fi\/index.php\/hinnat\/\" class=\"more-link\">Jatka lukemista<span class=\"screen-reader-text\"> &#8221;Hinnat&#8221;<\/span><\/a><\/p>\n","protected":false},"author":1,"featured_media":0,"parent":0,"menu_order":0,"comment_status":"closed","ping_status":"closed","template":"","meta":{"footnotes":""},"class_list":["post-132","page","type-page","status-publish","hentry"],"_links":{"self":[{"href":"https:\/\/tuumastatoimeksi.fi\/index.php\/wp-json\/wp\/v2\/pages\/132","targetHints":{"allow":["GET"]}}],"collection":[{"href":"https:\/\/tuumastatoimeksi.fi\/index.php\/wp-json\/wp\/v2\/pages"}],"about":[{"href":"https:\/\/tuumastatoimeksi.fi\/index.php\/wp-json\/wp\/v2\/types\/page"}],"author":[{"embeddable":true,"href":"https:\/\/tuumastatoimeksi.fi\/index.php\/wp-json\/wp\/v2\/users\/1"}],"replies":[{"embeddable":true,"href":"https:\/\/tuumastatoimeksi.fi\/index.php\/wp-json\/wp\/v2\/comments?post=132"}],"version-history":[{"count":6,"href":"https:\/\/tuumastatoimeksi.fi\/index.php\/wp-json\/wp\/v2\/pages\/132\/revisions"}],"predecessor-version":[{"id":154,"href":"https:\/\/tuumastatoimeksi.fi\/index.php\/wp-json\/wp\/v2\/pages\/132\/revisions\/154"}],"wp:attachment":[{"href":"https:\/\/tuumastatoimeksi.fi\/index.php\/wp-json\/wp\/v2\/media?parent=132"}],"curies":[{"name":"wp","href":"https:\/\/api.w.org\/{rel}","templated":true}]}}