{"id":13,"date":"2026-03-16T16:21:33","date_gmt":"2026-03-16T16:21:33","guid":{"rendered":"https:\/\/tuumastatoimeksi.fi\/?page_id=13"},"modified":"2026-04-26T16:27:17","modified_gmt":"2026-04-26T16:27:17","slug":"palvelut","status":"publish","type":"page","link":"https:\/\/tuumastatoimeksi.fi\/index.php\/palvelut\/","title":{"rendered":"Palvelut"},"content":{"rendered":"\n<figure class=\"wp-block-image size-large is-resized\"><img loading=\"lazy\" decoding=\"async\" width=\"1024\" height=\"614\" src=\"https:\/\/tuumastatoimeksi.fi\/wp-content\/uploads\/2026\/03\/cropped-tuumasta-toimeksi-5400-scaled-1-1024x614.jpg\" alt=\"Mies ohjaa ik\u00e4ihmist\u00e4 puhelimen k\u00e4yt\u00f6ss\u00e4.\" class=\"wp-image-39\" style=\"aspect-ratio:1.6678008042066192;width:565px;height:auto\" srcset=\"https:\/\/tuumastatoimeksi.fi\/wp-content\/uploads\/2026\/03\/cropped-tuumasta-toimeksi-5400-scaled-1-1024x614.jpg 1024w, https:\/\/tuumastatoimeksi.fi\/wp-content\/uploads\/2026\/03\/cropped-tuumasta-toimeksi-5400-scaled-1-300x180.jpg 300w, https:\/\/tuumastatoimeksi.fi\/wp-content\/uploads\/2026\/03\/cropped-tuumasta-toimeksi-5400-scaled-1-768x460.jpg 768w, https:\/\/tuumastatoimeksi.fi\/wp-content\/uploads\/2026\/03\/cropped-tuumasta-toimeksi-5400-scaled-1-1536x921.jpg 1536w, https:\/\/tuumastatoimeksi.fi\/wp-content\/uploads\/2026\/03\/cropped-tuumasta-toimeksi-5400-scaled-1.jpg 2000w\" sizes=\"auto, (max-width: 767px) 89vw, (max-width: 1000px) 54vw, (max-width: 1071px) 543px, 580px\" \/><\/figure>\n\n\n\n<h2 class=\"wp-block-heading\">Palvelut arjen avuksi<\/h2>\n\n\n\n<p>Koetko haastavaksi l\u00f6yt\u00e4\u00e4 tekij\u00e4n t\u00f6ille, jotka peruspalveluissa eiv\u00e4t kuulu toimenkuvaan tai joille ei ole aikaa? Tekij\u00e4n, joka yhdell\u00e4 yhteydenotolla saa kuntoon monta kodin asiaa. Tarjoan niin digiapua kuin erilaisia omakoti- \/ m\u00f6kkitalkkaripalveluita. Alta l\u00f6ytyvien esimerkkit\u00f6iden lis\u00e4ksi pyrin mahdollisimman kokonaisvaltaisesti vastaamaan palveluntarpeeseesi. Autan silloin, kun oma apu puuttuu tai tekij\u00e4\u00e4 on vaikea l\u00f6yt\u00e4\u00e4. \u00c4l\u00e4 ep\u00e4r\u00f6i kysy\u00e4, kun tarvitset tekij\u00e4\u00e4.<\/p>\n\n\n\n<h3 class=\"wp-block-heading\"><strong>Digiapu<\/strong><\/h3>\n\n\n\n<ul class=\"wp-block-list\">\n<li>K\u00e4ytt\u00f6\u00f6notot ja asennukset\n<ul class=\"wp-block-list\">\n<li>puhelimet ja tabletit<\/li>\n\n\n\n<li>tietokoneet ja oheislaitteet (esim. tulostin)<\/li>\n\n\n\n<li>televisiot<\/li>\n\n\n\n<li>nettiyhteydet<\/li>\n<\/ul>\n<\/li>\n\n\n\n<li>P\u00e4ivitykset ja digiarjen perushuolto<\/li>\n\n\n\n<li>Digilaitteiden k\u00e4yt\u00f6n ohjaus ja neuvonta<\/li>\n<\/ul>\n\n\n\n<h3 class=\"wp-block-heading\"><strong>Kodin pienty\u00f6t<\/strong> (remonttiapu ja asennusapu)<\/h3>\n\n\n\n<ul class=\"wp-block-list\">\n<li>Apuv\u00e4lineiden asennus (esim. tukikahvat, luiskat)<\/li>\n\n\n\n<li>Taulujen, hyllyjen ja verhotankojen asennus<\/li>\n\n\n\n<li>Valaisinten vaihdot<\/li>\n\n\n\n<li>Huonekalujen kokoaminen<\/li>\n\n\n\n<li>Pienet korjaukset ja s\u00e4\u00e4d\u00f6t<\/li>\n\n\n\n<li>Palovaroittimien asennus<\/li>\n<\/ul>\n\n\n\n<h3 class=\"wp-block-heading\"><strong>Pihaty\u00f6t<\/strong><\/h3>\n\n\n\n<ul class=\"wp-block-list\">\n<li>Pihakalusteiden kokoaminen<\/li>\n\n\n\n<li>Pihan siistiminen ja j\u00e4rjestely<\/li>\n\n\n\n<li>Polttopuiden teko<\/li>\n\n\n\n<li>Nurmikonleikkuu<\/li>\n\n\n\n<li>Lehtien haravointi<\/li>\n\n\n\n<li>Lumity\u00f6t ja hiekoitus<\/li>\n\n\n\n<li>Kukkaruukkujen ja istutusten hoito<\/li>\n<\/ul>\n\n\n\n<div class=\"wp-block-group is-layout-grid wp-container-core-group-is-layout-9649a0d9 wp-block-group-is-layout-grid\"><\/div>\n","protected":false},"excerpt":{"rendered":"<p>Palvelut arjen avuksi Koetko haastavaksi l\u00f6yt\u00e4\u00e4 tekij\u00e4n t\u00f6ille, jotka peruspalveluissa eiv\u00e4t kuulu toimenkuvaan tai joille ei ole aikaa? Tekij\u00e4n, joka yhdell\u00e4 yhteydenotolla saa kuntoon monta kodin asiaa. Tarjoan niin digiapua kuin erilaisia omakoti- \/ m\u00f6kkitalkkaripalveluita. Alta l\u00f6ytyvien esimerkkit\u00f6iden lis\u00e4ksi pyrin mahdollisimman kokonaisvaltaisesti vastaamaan palveluntarpeeseesi. Autan silloin, kun oma apu puuttuu tai tekij\u00e4\u00e4 on vaikea l\u00f6yt\u00e4\u00e4. &hellip; <\/p>\n<p class=\"link-more\"><a href=\"https:\/\/tuumastatoimeksi.fi\/index.php\/palvelut\/\" class=\"more-link\">Jatka lukemista<span class=\"screen-reader-text\"> &#8221;Palvelut&#8221;<\/span><\/a><\/p>\n","protected":false},"author":1,"featured_media":0,"parent":0,"menu_order":0,"comment_status":"closed","ping_status":"closed","template":"","meta":{"footnotes":""},"class_list":["post-13","page","type-page","status-publish","hentry"],"_links":{"self":[{"href":"https:\/\/tuumastatoimeksi.fi\/index.php\/wp-json\/wp\/v2\/pages\/13","targetHints":{"allow":["GET"]}}],"collection":[{"href":"https:\/\/tuumastatoimeksi.fi\/index.php\/wp-json\/wp\/v2\/pages"}],"about":[{"href":"https:\/\/tuumastatoimeksi.fi\/index.php\/wp-json\/wp\/v2\/types\/page"}],"author":[{"embeddable":true,"href":"https:\/\/tuumastatoimeksi.fi\/index.php\/wp-json\/wp\/v2\/users\/1"}],"replies":[{"embeddable":true,"href":"https:\/\/tuumastatoimeksi.fi\/index.php\/wp-json\/wp\/v2\/comments?post=13"}],"version-history":[{"count":18,"href":"https:\/\/tuumastatoimeksi.fi\/index.php\/wp-json\/wp\/v2\/pages\/13\/revisions"}],"predecessor-version":[{"id":185,"href":"https:\/\/tuumastatoimeksi.fi\/index.php\/wp-json\/wp\/v2\/pages\/13\/revisions\/185"}],"wp:attachment":[{"href":"https:\/\/tuumastatoimeksi.fi\/index.php\/wp-json\/wp\/v2\/media?parent=13"}],"curies":[{"name":"wp","href":"https:\/\/api.w.org\/{rel}","templated":true}]}}