{"id":11,"date":"2026-03-16T16:21:33","date_gmt":"2026-03-16T16:21:33","guid":{"rendered":"https:\/\/tuumastatoimeksi.fi\/?page_id=11"},"modified":"2026-04-23T16:50:16","modified_gmt":"2026-04-23T16:50:16","slug":"ota-yhteytta","status":"publish","type":"page","link":"https:\/\/tuumastatoimeksi.fi\/index.php\/ota-yhteytta\/","title":{"rendered":"Ota yhteytt\u00e4"},"content":{"rendered":"\n<figure class=\"wp-block-image size-large\"><img loading=\"lazy\" decoding=\"async\" width=\"1024\" height=\"614\" src=\"https:\/\/tuumastatoimeksi.fi\/wp-content\/uploads\/2026\/03\/cropped-tuumasta-toimeksi-5276-scaled-1-1024x614.jpg\" alt=\"Mies kiinnitt\u00e4\u00e4 porakoneella ovenkarmiin metallista tukikahvaa.\" class=\"wp-image-38\" srcset=\"https:\/\/tuumastatoimeksi.fi\/wp-content\/uploads\/2026\/03\/cropped-tuumasta-toimeksi-5276-scaled-1-1024x614.jpg 1024w, https:\/\/tuumastatoimeksi.fi\/wp-content\/uploads\/2026\/03\/cropped-tuumasta-toimeksi-5276-scaled-1-300x180.jpg 300w, https:\/\/tuumastatoimeksi.fi\/wp-content\/uploads\/2026\/03\/cropped-tuumasta-toimeksi-5276-scaled-1-768x460.jpg 768w, https:\/\/tuumastatoimeksi.fi\/wp-content\/uploads\/2026\/03\/cropped-tuumasta-toimeksi-5276-scaled-1-1536x921.jpg 1536w, https:\/\/tuumastatoimeksi.fi\/wp-content\/uploads\/2026\/03\/cropped-tuumasta-toimeksi-5276-scaled-1.jpg 2000w\" sizes=\"auto, (max-width: 767px) 89vw, (max-width: 1000px) 54vw, (max-width: 1071px) 543px, 580px\" \/><\/figure>\n\n\n\n<p><strong>Ota yhteytt\u00e4 ja kerro, mit\u00e4 apua tarvitset \u2013 katsotaan yhdess\u00e4 sopiva ratkaisu.<\/strong><\/p>\n\n\n\n<p>Voit ottaa yhteytt\u00e4 puhelimitse soittamalla, tekstiviestill\u00e4 tai WhatsApilla. Tavoitat minut my\u00f6s s\u00e4hk\u00f6postitse. <\/p>\n\n\n\n<p>Jos et tavoita minua soittamalla, saatan olla juuri asiakask\u00e4ynnill\u00e4, jolloin en vastaa. Soitan sinulle takaisin.<\/p>\n\n\n\n<p><strong>045 7872 1982<\/strong><\/p>\n\n\n\n<p><strong>jarkko@tuumastatoimeksi.fi<\/strong><\/p>\n\n\n\n<p>Voit my\u00f6s ottaa yhteytt\u00e4 alla olevalla lomakkeella. Olen sinuun yhteydess\u00e4 mahdollisimman pian.<\/p>\n\n\n\n<div class=\"wp-block-contact-form-7-contact-form-selector\">\n<div class=\"wpcf7 no-js\" id=\"wpcf7-f148-o1\" lang=\"fi\" dir=\"ltr\" data-wpcf7-id=\"148\">\n<div class=\"screen-reader-response\"><p role=\"status\" aria-live=\"polite\" aria-atomic=\"true\"><\/p> <ul><\/ul><\/div>\n<form action=\"\/index.php\/wp-json\/wp\/v2\/pages\/11#wpcf7-f148-o1\" method=\"post\" class=\"wpcf7-form init\" aria-label=\"Yhteydenottolomake\" novalidate=\"novalidate\" data-status=\"init\">\n<fieldset class=\"hidden-fields-container\"><input type=\"hidden\" name=\"_wpcf7\" value=\"148\" \/><input type=\"hidden\" name=\"_wpcf7_version\" value=\"6.1.5\" \/><input type=\"hidden\" name=\"_wpcf7_locale\" value=\"fi\" \/><input type=\"hidden\" name=\"_wpcf7_unit_tag\" value=\"wpcf7-f148-o1\" \/><input type=\"hidden\" name=\"_wpcf7_container_post\" value=\"0\" \/><input type=\"hidden\" name=\"_wpcf7_posted_data_hash\" value=\"\" \/>\n<\/fieldset>\n<p><label> Nimi<br \/>\n<span class=\"wpcf7-form-control-wrap\" data-name=\"your-name\"><input size=\"40\" maxlength=\"400\" class=\"wpcf7-form-control wpcf7-text wpcf7-validates-as-required\" autocomplete=\"name\" aria-required=\"true\" aria-invalid=\"false\" value=\"\" type=\"text\" name=\"your-name\" \/><\/span> <\/label>\n<\/p>\n<p><label> Puhelinnumero<br \/>\n<span class=\"wpcf7-form-control-wrap\" data-name=\"phone\"><input size=\"40\" maxlength=\"400\" class=\"wpcf7-form-control wpcf7-tel wpcf7-text wpcf7-validates-as-tel\" autocomplete=\"tel\" aria-invalid=\"false\" value=\"\" type=\"tel\" name=\"phone\" \/><\/span> <\/label>\n<\/p>\n<p><label> S\u00e4hk\u00f6postiosoite<br \/>\n<span class=\"wpcf7-form-control-wrap\" data-name=\"email\"><input size=\"40\" maxlength=\"400\" class=\"wpcf7-form-control wpcf7-email wpcf7-text wpcf7-validates-as-email\" autocomplete=\"email\" aria-invalid=\"false\" value=\"\" type=\"email\" name=\"email\" \/><\/span> <\/label>\n<\/p>\n<p><label> Viesti<br \/>\n<span class=\"wpcf7-form-control-wrap\" data-name=\"your-message\"><textarea cols=\"40\" rows=\"10\" maxlength=\"2000\" class=\"wpcf7-form-control wpcf7-textarea\" aria-invalid=\"false\" name=\"your-message\"><\/textarea><\/span> <\/label>\n<\/p>\n<p>Toivon yhteydenottoa:\n<\/p>\n<p><span class=\"wpcf7-form-control-wrap\" data-name=\"yhteydenottotapa\"><span class=\"wpcf7-form-control wpcf7-radio\"><span class=\"wpcf7-list-item first\"><label><input type=\"radio\" name=\"yhteydenottotapa\" value=\"Puhelimitse\" \/><span class=\"wpcf7-list-item-label\">Puhelimitse<\/span><\/label><\/span><span class=\"wpcf7-list-item last\"><label><input type=\"radio\" name=\"yhteydenottotapa\" value=\"S\u00e4hk\u00f6postitse\" \/><span class=\"wpcf7-list-item-label\">S\u00e4hk\u00f6postitse<\/span><\/label><\/span><\/span><\/span>\n<\/p>\n<p><input class=\"wpcf7-form-control wpcf7-submit has-spinner\" type=\"submit\" value=\"L\u00e4het\u00e4\" \/>\n<\/p><div class=\"wpcf7-response-output\" aria-hidden=\"true\"><\/div>\n<\/form>\n<\/div>\n<\/div>\n","protected":false},"excerpt":{"rendered":"<p>Ota yhteytt\u00e4 ja kerro, mit\u00e4 apua tarvitset \u2013 katsotaan yhdess\u00e4 sopiva ratkaisu. Voit ottaa yhteytt\u00e4 puhelimitse soittamalla, tekstiviestill\u00e4 tai WhatsApilla. Tavoitat minut my\u00f6s s\u00e4hk\u00f6postitse. Jos et tavoita minua soittamalla, saatan olla juuri asiakask\u00e4ynnill\u00e4, jolloin en vastaa. Soitan sinulle takaisin. 045 7872 1982 jarkko@tuumastatoimeksi.fi Voit my\u00f6s ottaa yhteytt\u00e4 alla olevalla lomakkeella. Olen sinuun yhteydess\u00e4 mahdollisimman pian.<\/p>\n","protected":false},"author":1,"featured_media":0,"parent":0,"menu_order":0,"comment_status":"closed","ping_status":"closed","template":"","meta":{"footnotes":""},"class_list":["post-11","page","type-page","status-publish","hentry"],"_links":{"self":[{"href":"https:\/\/tuumastatoimeksi.fi\/index.php\/wp-json\/wp\/v2\/pages\/11","targetHints":{"allow":["GET"]}}],"collection":[{"href":"https:\/\/tuumastatoimeksi.fi\/index.php\/wp-json\/wp\/v2\/pages"}],"about":[{"href":"https:\/\/tuumastatoimeksi.fi\/index.php\/wp-json\/wp\/v2\/types\/page"}],"author":[{"embeddable":true,"href":"https:\/\/tuumastatoimeksi.fi\/index.php\/wp-json\/wp\/v2\/users\/1"}],"replies":[{"embeddable":true,"href":"https:\/\/tuumastatoimeksi.fi\/index.php\/wp-json\/wp\/v2\/comments?post=11"}],"version-history":[{"count":14,"href":"https:\/\/tuumastatoimeksi.fi\/index.php\/wp-json\/wp\/v2\/pages\/11\/revisions"}],"predecessor-version":[{"id":149,"href":"https:\/\/tuumastatoimeksi.fi\/index.php\/wp-json\/wp\/v2\/pages\/11\/revisions\/149"}],"wp:attachment":[{"href":"https:\/\/tuumastatoimeksi.fi\/index.php\/wp-json\/wp\/v2\/media?parent=11"}],"curies":[{"name":"wp","href":"https:\/\/api.w.org\/{rel}","templated":true}]}}